{"id":134,"date":"2023-04-25T19:28:55","date_gmt":"2023-04-25T19:28:55","guid":{"rendered":"https:\/\/xn--reitanlage-gssendorf-fbc.at\/?page_id=134"},"modified":"2023-12-29T07:28:47","modified_gmt":"2023-12-29T07:28:47","slug":"ueber-uns","status":"publish","type":"page","link":"https:\/\/xn--reitanlage-gssendorf-fbc.at\/index.php\/ueber-uns\/","title":{"rendered":"\u00dcber uns"},"content":{"rendered":"\t\t<div data-elementor-type=\"wp-page\" data-elementor-id=\"134\" class=\"elementor elementor-134\" data-elementor-settings=\"{&quot;ha_cmc_init_switcher&quot;:&quot;no&quot;}\">\n\t\t\t\t\t\t<section class=\"elementor-section elementor-top-section elementor-element elementor-element-2ebd0a elementor-section-full_width elementor-section-height-default elementor-section-height-default\" data-id=\"2ebd0a\" data-element_type=\"section\" data-e-type=\"section\" data-settings=\"{&quot;_ha_eqh_enable&quot;:false}\">\n\t\t\t\t\t\t<div class=\"elementor-container elementor-column-gap-no\">\n\t\t\t\t\t<div class=\"elementor-column elementor-col-100 elementor-top-column elementor-element elementor-element-6af61460\" data-id=\"6af61460\" data-element_type=\"column\" data-e-type=\"column\">\n\t\t\t<div class=\"elementor-widget-wrap elementor-element-populated\">\n\t\t\t\t\t\t<div class=\"elementor-element elementor-element-727e2345 elementor-invisible elementor-widget elementor-widget-heading\" data-id=\"727e2345\" data-element_type=\"widget\" data-e-type=\"widget\" data-settings=\"{&quot;_animation&quot;:&quot;fadeInUp&quot;}\" data-widget_type=\"heading.default\">\n\t\t\t\t<div class=\"elementor-widget-container\">\n\t\t\t\t\t<h1 class=\"elementor-heading-title elementor-size-default\">\u00dcber uns<\/h1>\t\t\t\t<\/div>\n\t\t\t\t<\/div>\n\t\t\t\t<div class=\"elementor-element elementor-element-72cde405 elementor-widget__width-auto elementor-hidden-mobile elementor-widget elementor-widget-heading\" data-id=\"72cde405\" data-element_type=\"widget\" data-e-type=\"widget\" data-widget_type=\"heading.default\">\n\t\t\t\t<div class=\"elementor-widget-container\">\n\t\t\t\t\t<h6 class=\"elementor-heading-title elementor-size-default\">Claudia Posch &amp; Ren\u00e9 Pflanzl<\/h6>\t\t\t\t<\/div>\n\t\t\t\t<\/div>\n\t\t\t\t<div class=\"elementor-element elementor-element-4f536b6 elementor-widget__width-auto elementor-hidden-desktop elementor-hidden-tablet elementor-hidden-laptop elementor-widget elementor-widget-heading\" data-id=\"4f536b6\" data-element_type=\"widget\" data-e-type=\"widget\" data-widget_type=\"heading.default\">\n\t\t\t\t<div class=\"elementor-widget-container\">\n\t\t\t\t\t<h6 class=\"elementor-heading-title elementor-size-default\">Claudia Posch &amp; Ren\u00e9 Pflanzl<\/h6>\t\t\t\t<\/div>\n\t\t\t\t<\/div>\n\t\t\t\t\t<\/div>\n\t\t<\/div>\n\t\t\t\t\t<\/div>\n\t\t<\/section>\n\t\t\t\t<section class=\"elementor-section elementor-top-section elementor-element elementor-element-a0aa82e elementor-section-full_width elementor-hidden-mobile elementor-section-height-default elementor-section-height-default\" data-id=\"a0aa82e\" data-element_type=\"section\" data-e-type=\"section\" data-settings=\"{&quot;background_background&quot;:&quot;classic&quot;,&quot;_ha_eqh_enable&quot;:false}\">\n\t\t\t\t\t\t<div class=\"elementor-container elementor-column-gap-default\">\n\t\t\t\t\t<div class=\"elementor-column elementor-col-100 elementor-top-column elementor-element elementor-element-ea664a3\" data-id=\"ea664a3\" data-element_type=\"column\" data-e-type=\"column\">\n\t\t\t<div class=\"elementor-widget-wrap elementor-element-populated\">\n\t\t\t\t\t\t<div class=\"elementor-element elementor-element-f42f549 elementor-widget elementor-widget-spacer\" data-id=\"f42f549\" data-element_type=\"widget\" data-e-type=\"widget\" data-widget_type=\"spacer.default\">\n\t\t\t\t<div class=\"elementor-widget-container\">\n\t\t\t\t\t\t\t<div class=\"elementor-spacer\">\n\t\t\t<div class=\"elementor-spacer-inner\"><\/div>\n\t\t<\/div>\n\t\t\t\t\t\t<\/div>\n\t\t\t\t<\/div>\n\t\t\t\t\t<\/div>\n\t\t<\/div>\n\t\t\t\t\t<\/div>\n\t\t<\/section>\n\t\t\t\t<section class=\"elementor-section elementor-top-section elementor-element elementor-element-0219c51 elementor-section-full_width elementor-hidden-desktop elementor-hidden-tablet elementor-hidden-laptop elementor-section-height-default elementor-section-height-default\" data-id=\"0219c51\" data-element_type=\"section\" data-e-type=\"section\" data-settings=\"{&quot;background_background&quot;:&quot;classic&quot;,&quot;_ha_eqh_enable&quot;:false}\">\n\t\t\t\t\t\t<div class=\"elementor-container elementor-column-gap-default\">\n\t\t\t\t\t<div class=\"elementor-column elementor-col-100 elementor-top-column elementor-element elementor-element-b1518c9\" data-id=\"b1518c9\" data-element_type=\"column\" data-e-type=\"column\">\n\t\t\t<div class=\"elementor-widget-wrap elementor-element-populated\">\n\t\t\t\t\t\t<div class=\"elementor-element elementor-element-bd6b5c1 elementor-widget elementor-widget-spacer\" data-id=\"bd6b5c1\" data-element_type=\"widget\" data-e-type=\"widget\" data-widget_type=\"spacer.default\">\n\t\t\t\t<div class=\"elementor-widget-container\">\n\t\t\t\t\t\t\t<div class=\"elementor-spacer\">\n\t\t\t<div class=\"elementor-spacer-inner\"><\/div>\n\t\t<\/div>\n\t\t\t\t\t\t<\/div>\n\t\t\t\t<\/div>\n\t\t\t\t\t<\/div>\n\t\t<\/div>\n\t\t\t\t\t<\/div>\n\t\t<\/section>\n\t\t\t\t<section class=\"elementor-section elementor-top-section elementor-element elementor-element-bfade47 elementor-section-boxed elementor-section-height-default elementor-section-height-default\" data-id=\"bfade47\" data-element_type=\"section\" data-e-type=\"section\" data-settings=\"{&quot;_ha_eqh_enable&quot;:false}\">\n\t\t\t\t\t\t<div class=\"elementor-container elementor-column-gap-default\">\n\t\t\t\t\t<div class=\"elementor-column elementor-col-100 elementor-top-column elementor-element elementor-element-b727bdc\" data-id=\"b727bdc\" data-element_type=\"column\" data-e-type=\"column\">\n\t\t\t<div class=\"elementor-widget-wrap elementor-element-populated\">\n\t\t\t\t\t\t<div class=\"elementor-element elementor-element-1b9d3ca elementor-widget elementor-widget-heading\" data-id=\"1b9d3ca\" data-element_type=\"widget\" data-e-type=\"widget\" data-widget_type=\"heading.default\">\n\t\t\t\t<div class=\"elementor-widget-container\">\n\t\t\t\t\t<h1 class=\"elementor-heading-title elementor-size-small\">Claudia Posch<\/h1>\t\t\t\t<\/div>\n\t\t\t\t<\/div>\n\t\t\t\t\t<\/div>\n\t\t<\/div>\n\t\t\t\t\t<\/div>\n\t\t<\/section>\n\t\t\t\t<section class=\"elementor-section elementor-top-section elementor-element elementor-element-6d5a8a3b elementor-section-full_width elementor-section-height-default elementor-section-height-default\" data-id=\"6d5a8a3b\" data-element_type=\"section\" data-e-type=\"section\" data-settings=\"{&quot;_ha_eqh_enable&quot;:false}\">\n\t\t\t\t\t\t<div class=\"elementor-container elementor-column-gap-no\">\n\t\t\t\t\t<div class=\"elementor-column elementor-col-50 elementor-top-column elementor-element elementor-element-6a97a248\" data-id=\"6a97a248\" data-element_type=\"column\" data-e-type=\"column\">\n\t\t\t<div class=\"elementor-widget-wrap elementor-element-populated\">\n\t\t\t\t\t\t<section class=\"elementor-section elementor-inner-section elementor-element elementor-element-379f16ec elementor-section-full_width elementor-section-content-middle elementor-section-height-default elementor-section-height-default\" data-id=\"379f16ec\" data-element_type=\"section\" data-e-type=\"section\" data-settings=\"{&quot;_ha_eqh_enable&quot;:false}\">\n\t\t\t\t\t\t<div class=\"elementor-container elementor-column-gap-no\">\n\t\t\t\t\t<div class=\"elementor-column elementor-col-100 elementor-inner-column elementor-element elementor-element-74acb180\" data-id=\"74acb180\" data-element_type=\"column\" data-e-type=\"column\">\n\t\t\t<div class=\"elementor-widget-wrap elementor-element-populated\">\n\t\t\t\t\t\t<div class=\"elementor-element elementor-element-6e6fa17 elementor-widget elementor-widget-heading\" data-id=\"6e6fa17\" data-element_type=\"widget\" data-e-type=\"widget\" data-widget_type=\"heading.default\">\n\t\t\t\t<div class=\"elementor-widget-container\">\n\t\t\t\t\t<h3 class=\"elementor-heading-title elementor-size-default\">Im Jahr 2018<\/h3>\t\t\t\t<\/div>\n\t\t\t\t<\/div>\n\t\t\t\t<div class=\"elementor-element elementor-element-5031d7 elementor-widget elementor-widget-text-editor\" data-id=\"5031d7\" data-element_type=\"widget\" data-e-type=\"widget\" data-widget_type=\"text-editor.default\">\n\t\t\t\t<div class=\"elementor-widget-container\">\n\t\t\t\t\t\t\t\t\t<p>haben wir den Reitstall \u00fcbernommen, ihn zu einer modernen Reitanlage umgebaut und den hauseigenen Reitverein gegr\u00fcndet.<\/p><p>Bei uns sind Reiter jeder Sparte und jeden Ausbildungsniveaus willkommen und wir freuen uns auch eine gro\u00dfe Pferderassen-Vielfalt, von Warmblut, Friese, Fjordpferden und Shettys uvm. bei uns am Hof zu haben.\u00a0<br \/>Zus\u00e4tzlich haben wir ein eigenes <a href=\"https:\/\/voltigierteamrscgoessendorf.jimdofree.com\/\" target=\"_blank\" rel=\"noopener\">Voltigierteam<\/a>, das regelm\u00e4\u00dfig erfolgreich an Wettk\u00e4mpfen teilnimmt.<\/p>\t\t\t\t\t\t\t\t<\/div>\n\t\t\t\t<\/div>\n\t\t\t\t\t<\/div>\n\t\t<\/div>\n\t\t\t\t\t<\/div>\n\t\t<\/section>\n\t\t\t\t\t<\/div>\n\t\t<\/div>\n\t\t\t\t<div class=\"elementor-column elementor-col-50 elementor-top-column elementor-element elementor-element-6bd13cab elementor-hidden-mobile\" data-id=\"6bd13cab\" data-element_type=\"column\" data-e-type=\"column\" data-settings=\"{&quot;background_background&quot;:&quot;classic&quot;}\">\n\t\t\t<div class=\"elementor-widget-wrap elementor-element-populated\">\n\t\t\t\t\t\t<div class=\"elementor-element elementor-element-48b2e9f elementor-hidden-desktop elementor-hidden-mobile elementor-widget elementor-widget-spacer\" data-id=\"48b2e9f\" data-element_type=\"widget\" data-e-type=\"widget\" data-widget_type=\"spacer.default\">\n\t\t\t\t<div class=\"elementor-widget-container\">\n\t\t\t\t\t\t\t<div class=\"elementor-spacer\">\n\t\t\t<div class=\"elementor-spacer-inner\"><\/div>\n\t\t<\/div>\n\t\t\t\t\t\t<\/div>\n\t\t\t\t<\/div>\n\t\t\t\t<div class=\"elementor-element elementor-element-1e71029 elementor-widget elementor-widget-image\" data-id=\"1e71029\" data-element_type=\"widget\" data-e-type=\"widget\" data-widget_type=\"image.default\">\n\t\t\t\t<div class=\"elementor-widget-container\">\n\t\t\t\t\t\t\t\t\t\t\t\t\t\t\t\t<a href=\"https:\/\/xn--reitanlage-gssendorf-fbc.at\/wp-content\/uploads\/2023\/12\/88064075_800828933746584_2707039258702512128_n.jpg\" data-elementor-open-lightbox=\"yes\" data-elementor-lightbox-title=\"Claudia Posch &amp; Ren\u00e9 Pflanzl - Reitverein G\u00f6ssendorf\" data-e-action-hash=\"#elementor-action%3Aaction%3Dlightbox%26settings%3DeyJpZCI6MTAyNSwidXJsIjoiaHR0cHM6XC9cL3huLS1yZWl0YW5sYWdlLWdzc2VuZG9yZi1mYmMuYXRcL3dwLWNvbnRlbnRcL3VwbG9hZHNcLzIwMjNcLzEyXC84ODA2NDA3NV84MDA4Mjg5MzM3NDY1ODRfMjcwNzAzOTI1ODcwMjUxMjEyOF9uLmpwZyJ9\">\n\t\t\t\t\t\t\t<img fetchpriority=\"high\" decoding=\"async\" width=\"1024\" height=\"682\" src=\"https:\/\/xn--reitanlage-gssendorf-fbc.at\/wp-content\/uploads\/2023\/12\/88064075_800828933746584_2707039258702512128_n-1024x682.jpg\" class=\"attachment-large size-large wp-image-1025\" alt=\"Claudia Posch &amp; Ren\u00e9 Pflanzl - Reitverein G\u00f6ssendorf\" srcset=\"https:\/\/xn--reitanlage-gssendorf-fbc.at\/wp-content\/uploads\/2023\/12\/88064075_800828933746584_2707039258702512128_n-1024x682.jpg 1024w, https:\/\/xn--reitanlage-gssendorf-fbc.at\/wp-content\/uploads\/2023\/12\/88064075_800828933746584_2707039258702512128_n-300x200.jpg 300w, https:\/\/xn--reitanlage-gssendorf-fbc.at\/wp-content\/uploads\/2023\/12\/88064075_800828933746584_2707039258702512128_n-768x511.jpg 768w, https:\/\/xn--reitanlage-gssendorf-fbc.at\/wp-content\/uploads\/2023\/12\/88064075_800828933746584_2707039258702512128_n-1536x1022.jpg 1536w, https:\/\/xn--reitanlage-gssendorf-fbc.at\/wp-content\/uploads\/2023\/12\/88064075_800828933746584_2707039258702512128_n.jpg 2048w\" sizes=\"(max-width: 1024px) 100vw, 1024px\" \/>\t\t\t\t\t\t\t\t<\/a>\n\t\t\t\t\t\t\t\t\t\t\t\t\t\t\t<\/div>\n\t\t\t\t<\/div>\n\t\t\t\t\t<\/div>\n\t\t<\/div>\n\t\t\t\t\t<\/div>\n\t\t<\/section>\n\t\t\t\t<section class=\"elementor-section elementor-top-section elementor-element elementor-element-41e1225 elementor-section-boxed elementor-section-height-default elementor-section-height-default\" data-id=\"41e1225\" data-element_type=\"section\" data-e-type=\"section\" data-settings=\"{&quot;_ha_eqh_enable&quot;:false}\">\n\t\t\t\t\t\t<div class=\"elementor-container elementor-column-gap-default\">\n\t\t\t\t\t<div class=\"elementor-column elementor-col-100 elementor-top-column elementor-element elementor-element-1adf5fb\" data-id=\"1adf5fb\" data-element_type=\"column\" data-e-type=\"column\">\n\t\t\t<div class=\"elementor-widget-wrap elementor-element-populated\">\n\t\t\t\t\t\t<div class=\"elementor-element elementor-element-2b26fac elementor-hidden-mobile elementor-widget elementor-widget-spacer\" data-id=\"2b26fac\" data-element_type=\"widget\" data-e-type=\"widget\" data-widget_type=\"spacer.default\">\n\t\t\t\t<div class=\"elementor-widget-container\">\n\t\t\t\t\t\t\t<div class=\"elementor-spacer\">\n\t\t\t<div class=\"elementor-spacer-inner\"><\/div>\n\t\t<\/div>\n\t\t\t\t\t\t<\/div>\n\t\t\t\t<\/div>\n\t\t\t\t<div class=\"elementor-element elementor-element-0149708 elementor-widget elementor-widget-heading\" data-id=\"0149708\" data-element_type=\"widget\" data-e-type=\"widget\" data-widget_type=\"heading.default\">\n\t\t\t\t<div class=\"elementor-widget-container\">\n\t\t\t\t\t<h2 class=\"elementor-heading-title elementor-size-small\">Claudia Posch<\/h2>\t\t\t\t<\/div>\n\t\t\t\t<\/div>\n\t\t\t\t\t<\/div>\n\t\t<\/div>\n\t\t\t\t\t<\/div>\n\t\t<\/section>\n\t\t\t\t<section class=\"elementor-section elementor-top-section elementor-element elementor-element-5b87421 elementor-hidden-desktop elementor-hidden-tablet elementor-hidden-laptop elementor-section-boxed elementor-section-height-default elementor-section-height-default\" data-id=\"5b87421\" data-element_type=\"section\" data-e-type=\"section\" data-settings=\"{&quot;_ha_eqh_enable&quot;:false}\">\n\t\t\t\t\t\t<div class=\"elementor-container elementor-column-gap-default\">\n\t\t\t\t\t<div class=\"elementor-column elementor-col-100 elementor-top-column elementor-element elementor-element-5191d85\" data-id=\"5191d85\" data-element_type=\"column\" data-e-type=\"column\">\n\t\t\t<div class=\"elementor-widget-wrap elementor-element-populated\">\n\t\t\t\t\t\t<div class=\"elementor-element elementor-element-3dc00e7 elementor-hidden-desktop elementor-hidden-tablet elementor-widget elementor-widget-image\" data-id=\"3dc00e7\" data-element_type=\"widget\" data-e-type=\"widget\" data-widget_type=\"image.default\">\n\t\t\t\t<div class=\"elementor-widget-container\">\n\t\t\t\t\t\t\t\t\t\t\t\t\t\t\t\t<a href=\"https:\/\/xn--reitanlage-gssendorf-fbc.at\/wp-content\/uploads\/2023\/12\/88064075_800828933746584_2707039258702512128_n.jpg\" data-elementor-open-lightbox=\"yes\" data-elementor-lightbox-title=\"Claudia Posch &amp; Ren\u00e9 Pflanzl - Reitverein G\u00f6ssendorf\" data-e-action-hash=\"#elementor-action%3Aaction%3Dlightbox%26settings%3DeyJpZCI6MTAyNSwidXJsIjoiaHR0cHM6XC9cL3huLS1yZWl0YW5sYWdlLWdzc2VuZG9yZi1mYmMuYXRcL3dwLWNvbnRlbnRcL3VwbG9hZHNcLzIwMjNcLzEyXC84ODA2NDA3NV84MDA4Mjg5MzM3NDY1ODRfMjcwNzAzOTI1ODcwMjUxMjEyOF9uLmpwZyJ9\">\n\t\t\t\t\t\t\t<img fetchpriority=\"high\" decoding=\"async\" width=\"1024\" height=\"682\" src=\"https:\/\/xn--reitanlage-gssendorf-fbc.at\/wp-content\/uploads\/2023\/12\/88064075_800828933746584_2707039258702512128_n-1024x682.jpg\" class=\"attachment-large size-large wp-image-1025\" alt=\"Claudia Posch &amp; Ren\u00e9 Pflanzl - Reitverein G\u00f6ssendorf\" srcset=\"https:\/\/xn--reitanlage-gssendorf-fbc.at\/wp-content\/uploads\/2023\/12\/88064075_800828933746584_2707039258702512128_n-1024x682.jpg 1024w, https:\/\/xn--reitanlage-gssendorf-fbc.at\/wp-content\/uploads\/2023\/12\/88064075_800828933746584_2707039258702512128_n-300x200.jpg 300w, https:\/\/xn--reitanlage-gssendorf-fbc.at\/wp-content\/uploads\/2023\/12\/88064075_800828933746584_2707039258702512128_n-768x511.jpg 768w, https:\/\/xn--reitanlage-gssendorf-fbc.at\/wp-content\/uploads\/2023\/12\/88064075_800828933746584_2707039258702512128_n-1536x1022.jpg 1536w, https:\/\/xn--reitanlage-gssendorf-fbc.at\/wp-content\/uploads\/2023\/12\/88064075_800828933746584_2707039258702512128_n.jpg 2048w\" sizes=\"(max-width: 1024px) 100vw, 1024px\" \/>\t\t\t\t\t\t\t\t<\/a>\n\t\t\t\t\t\t\t\t\t\t\t\t\t\t\t<\/div>\n\t\t\t\t<\/div>\n\t\t\t\t\t<\/div>\n\t\t<\/div>\n\t\t\t\t\t<\/div>\n\t\t<\/section>\n\t\t\t\t<section class=\"elementor-section elementor-top-section elementor-element elementor-element-65f8ccf elementor-section-boxed elementor-section-height-default elementor-section-height-default\" data-id=\"65f8ccf\" data-element_type=\"section\" data-e-type=\"section\" data-settings=\"{&quot;_ha_eqh_enable&quot;:false}\">\n\t\t\t\t\t\t<div class=\"elementor-container elementor-column-gap-default\">\n\t\t\t\t\t<div class=\"elementor-column elementor-col-100 elementor-top-column elementor-element elementor-element-5fa0983\" data-id=\"5fa0983\" data-element_type=\"column\" data-e-type=\"column\">\n\t\t\t<div class=\"elementor-widget-wrap elementor-element-populated\">\n\t\t\t\t\t\t<div class=\"elementor-element elementor-element-4f032bf elementor-widget elementor-widget-heading\" data-id=\"4f032bf\" data-element_type=\"widget\" data-e-type=\"widget\" data-widget_type=\"heading.default\">\n\t\t\t\t<div class=\"elementor-widget-container\">\n\t\t\t\t\t<h1 class=\"elementor-heading-title elementor-size-small\">Kathrin Pluch<\/h1>\t\t\t\t<\/div>\n\t\t\t\t<\/div>\n\t\t\t\t\t<\/div>\n\t\t<\/div>\n\t\t\t\t\t<\/div>\n\t\t<\/section>\n\t\t\t\t<\/div>\n\t\t","protected":false},"excerpt":{"rendered":"<p>\u00dcber uns Claudia Posch &#038; Ren\u00e9 Pflanzl Claudia Posch &#038; Ren\u00e9 Pflanzl Claudia Posch Im Jahr 2018 haben wir den Reitstall \u00fcbernommen, ihn zu einer modernen Reitanlage umgebaut und den hauseigenen Reitverein gegr\u00fcndet. Bei uns sind Reiter jeder Sparte und jeden Ausbildungsniveaus willkommen und wir freuen uns auch eine gro\u00dfe Pferderassen-Vielfalt, von Warmblut, Friese, Fjordpferden [&hellip;]<\/p>\n","protected":false},"author":1,"featured_media":0,"parent":0,"menu_order":0,"comment_status":"closed","ping_status":"closed","template":"","meta":{"ocean_post_layout":"full-screen","ocean_both_sidebars_style":"","ocean_both_sidebars_content_width":0,"ocean_both_sidebars_sidebars_width":0,"ocean_sidebar":"0","ocean_second_sidebar":"0","ocean_disable_margins":"enable","ocean_add_body_class":"","ocean_shortcode_before_top_bar":"","ocean_shortcode_after_top_bar":"","ocean_shortcode_before_header":"","ocean_shortcode_after_header":"","ocean_has_shortcode":"","ocean_shortcode_after_title":"","ocean_shortcode_before_footer_widgets":"","ocean_shortcode_after_footer_widgets":"","ocean_shortcode_before_footer_bottom":"","ocean_shortcode_after_footer_bottom":"","ocean_display_top_bar":"on","ocean_display_header":"on","ocean_header_style":"","ocean_center_header_left_menu":"0","ocean_custom_header_template":"0","ocean_custom_logo":0,"ocean_custom_retina_logo":0,"ocean_custom_logo_max_width":0,"ocean_custom_logo_tablet_max_width":0,"ocean_custom_logo_mobile_max_width":0,"ocean_custom_logo_max_height":0,"ocean_custom_logo_tablet_max_height":0,"ocean_custom_logo_mobile_max_height":0,"ocean_header_custom_menu":"0","ocean_menu_typo_font_family":"0","ocean_menu_typo_font_subset":"","ocean_menu_typo_font_size":0,"ocean_menu_typo_font_size_tablet":0,"ocean_menu_typo_font_size_mobile":0,"ocean_menu_typo_font_size_unit":"px","ocean_menu_typo_font_weight":"","ocean_menu_typo_font_weight_tablet":"","ocean_menu_typo_font_weight_mobile":"","ocean_menu_typo_transform":"","ocean_menu_typo_transform_tablet":"","ocean_menu_typo_transform_mobile":"","ocean_menu_typo_line_height":0,"ocean_menu_typo_line_height_tablet":0,"ocean_menu_typo_line_height_mobile":0,"ocean_menu_typo_line_height_unit":"","ocean_menu_typo_spacing":0,"ocean_menu_typo_spacing_tablet":0,"ocean_menu_typo_spacing_mobile":0,"ocean_menu_typo_spacing_unit":"","ocean_menu_link_color":"","ocean_menu_link_color_hover":"","ocean_menu_link_color_active":"","ocean_menu_link_background":"","ocean_menu_link_hover_background":"","ocean_menu_link_active_background":"","ocean_menu_social_links_bg":"","ocean_menu_social_hover_links_bg":"","ocean_menu_social_links_color":"","ocean_menu_social_hover_links_color":"","ocean_disable_title":"on","ocean_disable_heading":"default","ocean_post_title":"","ocean_post_subheading":"","ocean_post_title_style":"","ocean_post_title_background_color":"","ocean_post_title_background":0,"ocean_post_title_bg_image_position":"","ocean_post_title_bg_image_attachment":"","ocean_post_title_bg_image_repeat":"","ocean_post_title_bg_image_size":"","ocean_post_title_height":0,"ocean_post_title_bg_overlay":0.5,"ocean_post_title_bg_overlay_color":"","ocean_disable_breadcrumbs":"default","ocean_breadcrumbs_color":"","ocean_breadcrumbs_separator_color":"","ocean_breadcrumbs_links_color":"","ocean_breadcrumbs_links_hover_color":"","ocean_display_footer_widgets":"on","ocean_display_footer_bottom":"on","ocean_custom_footer_template":"0","footnotes":""},"class_list":["post-134","page","type-page","status-publish","hentry","entry"],"_links":{"self":[{"href":"https:\/\/xn--reitanlage-gssendorf-fbc.at\/index.php\/wp-json\/wp\/v2\/pages\/134","targetHints":{"allow":["GET"]}}],"collection":[{"href":"https:\/\/xn--reitanlage-gssendorf-fbc.at\/index.php\/wp-json\/wp\/v2\/pages"}],"about":[{"href":"https:\/\/xn--reitanlage-gssendorf-fbc.at\/index.php\/wp-json\/wp\/v2\/types\/page"}],"author":[{"embeddable":true,"href":"https:\/\/xn--reitanlage-gssendorf-fbc.at\/index.php\/wp-json\/wp\/v2\/users\/1"}],"replies":[{"embeddable":true,"href":"https:\/\/xn--reitanlage-gssendorf-fbc.at\/index.php\/wp-json\/wp\/v2\/comments?post=134"}],"version-history":[{"count":13,"href":"https:\/\/xn--reitanlage-gssendorf-fbc.at\/index.php\/wp-json\/wp\/v2\/pages\/134\/revisions"}],"predecessor-version":[{"id":1563,"href":"https:\/\/xn--reitanlage-gssendorf-fbc.at\/index.php\/wp-json\/wp\/v2\/pages\/134\/revisions\/1563"}],"wp:attachment":[{"href":"https:\/\/xn--reitanlage-gssendorf-fbc.at\/index.php\/wp-json\/wp\/v2\/media?parent=134"}],"curies":[{"name":"wp","href":"https:\/\/api.w.org\/{rel}","templated":true}]}}